{"id":1083,"date":"2023-04-23T20:37:15","date_gmt":"2023-04-23T19:37:15","guid":{"rendered":"https:\/\/lifebioencapsulation.com\/?page_id=1083"},"modified":"2026-02-04T20:17:45","modified_gmt":"2026-02-04T19:17:45","slug":"proyectos_microaqua","status":"publish","type":"page","link":"https:\/\/lifebioencapsulation.com\/index.php\/proyectos\/proyectos_microaqua\/","title":{"rendered":"Microaqua"},"content":{"rendered":"\n\n\n\n\n<h2>Proyectos I+D+i<\/h2>\n\n\n\n\n\n\n\n\n<p><strong>Producci\u00f3n de hidrolizados de microalgas marinas para su utilizaci\u00f3n como sustitutivos de harinas de pescado en piensos de acuicultura (MICROAQUA).<\/strong><\/p>\n\n\n<p style=\"font-size: small;\">Ayudas a la transferencia de investigaci\u00f3n orientada a los sectores estrat\u00e9gicos de la provincia de Almer\u00eda de la Universidad de Almer\u00eda. TRANSFIERE 2018.<\/p>\n<p><strong>Participantes:<\/strong> LifeBioencapsulation S.L. y Universidad de Almer\u00eda -UAL-(<a href=\"https:\/\/www.ual.es\/investigacion\/investiga\/grupos\/area\/grupo\/RNM\/RNM346\" style=\"color:#28772cff\" target=\"_blank\" rel=\"noopener\">grupo PAIDI RNM-346<\/a>).<\/p>\n<p><strong>Investigador responsable:<\/strong>&nbsp;Francisco Javier Alarc\u00f3n L\u00f3pez (Universidad de Almer\u00eda).<\/p>\n\n\n\n\n\n\n\n\n\n\n\n<h2>Resumen<\/h2>\n\n\n\n\n\n\n\n\n\n<p>El proyecto MICROAQUA tiene por objetivo el desarrollo de un nuevo producto basado en microalgas marinas para su utilizaci\u00f3n como potencial aditivo en alimentaci\u00f3n acu\u00edcola.<\/p>\n<p><span style=\"line-height:2.0;\"><\/span>Se trata de un proyecto de investigaci\u00f3n liderado por la empresa de base tecnol\u00f3gica LifeBioencapsulation S.L. en colaboraci\u00f3n con la Universidad de Almer\u00eda.<\/p>\n<p>La empresa est\u00e1 interesada en el desarrollo y comercializaci\u00f3n de nuevos productos de uso en nutrici\u00f3n acu\u00edcola que permitan impulsar la sostenibilidad de la producci\u00f3n potenciando la calidad de los piensos formulados y reduciendo los insumos procedentes de pesquer\u00edas, y mejorando el estado de condici\u00f3n de los animales en las distintas etapas de su vida productiva.<\/p>\n\n\n\n\n\n\n\n\n\n\n\n\n\n\n\n\n\n\n\n\n\n","protected":false},"excerpt":{"rendered":"","protected":false},"author":1,"featured_media":0,"parent":430,"menu_order":2,"comment_status":"closed","ping_status":"closed","template":"","meta":{"_editorskit_title_hidden":false,"_editorskit_reading_time":0,"_editorskit_is_block_options_detached":false,"_editorskit_block_options_position":"{}","_crdt_document":"","pagelayer_contact_templates":[],"_pagelayer_content":"","inline_featured_image":false,"footnotes":""},"class_list":["post-1083","page","type-page","status-publish","hentry"],"blog_post_layout_featured_media_urls":{"thumbnail":"","full":""},"categories_names":null,"comments_number":"0","_links":{"self":[{"href":"https:\/\/lifebioencapsulation.com\/index.php\/wp-json\/wp\/v2\/pages\/1083","targetHints":{"allow":["GET"]}}],"collection":[{"href":"https:\/\/lifebioencapsulation.com\/index.php\/wp-json\/wp\/v2\/pages"}],"about":[{"href":"https:\/\/lifebioencapsulation.com\/index.php\/wp-json\/wp\/v2\/types\/page"}],"author":[{"embeddable":true,"href":"https:\/\/lifebioencapsulation.com\/index.php\/wp-json\/wp\/v2\/users\/1"}],"replies":[{"embeddable":true,"href":"https:\/\/lifebioencapsulation.com\/index.php\/wp-json\/wp\/v2\/comments?post=1083"}],"version-history":[{"count":5,"href":"https:\/\/lifebioencapsulation.com\/index.php\/wp-json\/wp\/v2\/pages\/1083\/revisions"}],"predecessor-version":[{"id":2021,"href":"https:\/\/lifebioencapsulation.com\/index.php\/wp-json\/wp\/v2\/pages\/1083\/revisions\/2021"}],"up":[{"embeddable":true,"href":"https:\/\/lifebioencapsulation.com\/index.php\/wp-json\/wp\/v2\/pages\/430"}],"wp:attachment":[{"href":"https:\/\/lifebioencapsulation.com\/index.php\/wp-json\/wp\/v2\/media?parent=1083"}],"curies":[{"name":"wp","href":"https:\/\/api.w.org\/{rel}","templated":true}]}}