{"id":1114,"date":"2023-04-24T21:12:15","date_gmt":"2023-04-24T20:12:15","guid":{"rendered":"https:\/\/lifebioencapsulation.com\/?page_id=1114"},"modified":"2026-04-05T11:40:08","modified_gmt":"2026-04-05T10:40:08","slug":"proyectos_valinva-bream","status":"publish","type":"page","link":"https:\/\/lifebioencapsulation.com\/index.php\/proyectos\/proyectos_valinva-bream\/","title":{"rendered":"Valinva-bream"},"content":{"rendered":"\n\n\n\n\n\n<h2>Proyectos de Innovaci\u00f3n Empresarial<\/h2>\n\n\n\n\n\n\n\n\n\n<p><strong>Valorizaci\u00f3n de los arribazones del alga invasora <em>Rugulopterix okamurae<\/em> como ingrediente para la alimentaci\u00f3n de especies de acuicultura: aplicaci\u00f3n en el cultivo de dorada (VALINVA-bream).<\/strong><\/p>\n<p style=\"font-size: small;\">III CONVOCATORIA DE PROYECTOS DE INNOVACI\u00d3N EMPRESARIAL CON PROYECCI\u00d3N TERRITORIAL. <span style=\"color:#f57f25\">CEI-<\/span>MAR 2019.<\/p>\n<p><strong>Participantes:<\/strong> LifeBioencapsulation, Universidad de Almer\u00eda -UAL-(<a href=\"https:\/\/www.ual.es\/investigacion\/investiga\/grupos\/area\/grupo\/RNM\/RNM346\" style=\"color:#28772cff\" target=\"_blank\" rel=\"noopener\">grupo PAIDI RNM-346<\/a>) y Universidad de C\u00e1diz -UCA-(<a href=\"https:\/\/rnm216.uca.es\/\" style=\"color:#28772cff\" target=\"_blank\" rel=\"noopener\">grupo RNM-216<\/a>).<\/p>\n<p><strong>Investigador principal:<\/strong> Antonio Jes\u00fas Vizca\u00edno Torres (Universidad de Almer\u00eda).<\/p>\n\n\n\n\n\n<h2>Resumen<\/h2>\n\n\n\n\n\n\n\n\n\n<p>El alga parda ex\u00f3tica<em> Rugulopteryx okamurae<\/em> (Dictyotales, Ochrophyta) se ha expandido de forma muy agresiva en zonas del estrecho de Gibraltar, y su expansi\u00f3n ya ocupa parte de la Costa del Sol y la provincia de C\u00e1diz.<\/p>\n<p>Las especies invasoras son ampliamente reconocidas como una gran amenaza para la biodiversidad marina, y suponen la segunda causa de p\u00e9rdida de biodiversidad, afectando profundamente la estructura y funcionamiento de las comunidades nativas.<\/p>\n<p>La r\u00e1pida expansi\u00f3n de <em>R. okamurae<\/em> ha ocasionado un gran impacto sobre las comunidades bent\u00f3nicas preestablecidas, as\u00ed como la acumulaci\u00f3n de miles de toneladas de algas de arribaz\u00f3n y problemas de enganches en redes de pescadores, por lo que se requiere la toma de medidas coordinadas urgentes, como planes de retirada de los arribazones o planes de eliminaci\u00f3n por valorizaci\u00f3n mediante la b\u00fasqueda de usos y aprovechamientos sostenibles a la gran cantidad de biomasa algal disponible.<\/p>\n<p>Teniendo en cuenta esto \u00faltimo, el proyecto VALINVA-bream pretende valorizar la biomasa de <em>R. okamurae<\/em> para que pueda ser usada como potencial aditivo para piensos de acuicultura.<\/p>\n<p>Se sabe que las macroalgas marinas contienen compuestos bioactivos de potencial inter\u00e9s, como polisac\u00e1ridos, pigmentos (clorofila y carotenoides), esteroles, terpenos, polifenoles y vitaminas.<\/p>\n<p><strong>El Objetivo General del Proyecto de Investigaci\u00f3n VALINVA-bream se centra en una primera fase de valorizaci\u00f3n de la macroalga <\/strong><em><strong>R. okamurae<\/strong><\/em> mediante un tratamiento previo enzim\u00e1tico y\/o fermentativo que permita incrementar su valor nutricional para que pueda ser utilizada en piensos de acuicultura, seguido de una <strong>segunda fase de evaluaci\u00f3n de los piensos suplementados con la biomasa algal<\/strong> tratada con estos procedimientos biotecnol\u00f3gicos<strong> en un ensayo de alimentaci\u00f3n con juveniles de dorada (<em>Sparus aurata<\/em>)<\/strong>.<\/p>\n<p>Se utilizar\u00e1n procedimientos sencillos y econ\u00f3micos basados en el uso de carbohidrasas y proteasas, y\/o em la utilizaci\u00f3n de microorganismos que mejoren la biodisponibilidad de los nutrientes, y que faciliten la utilizaci\u00f3n <em>in vivo<\/em> de la macroalga por los juveniles de dorada, as\u00ed como en el estudio <em>in vivo<\/em> en juveniles de dorada de los posibles efectos fisiol\u00f3gicos de su uso en el pienso a un bajo nivel de inclusi\u00f3n (5%).<\/p>\n<p>El fin \u00faltimo del proyecto es evaluar las posibilidades de valorizar un producto natural disponible en grandes cantidades y que genera grandes consecuencias perjudiciales a nivel ambiental, para su potencial uso como ingrediente\/aditivo funcional en la alimentaci\u00f3n de especies de acuicultura.<\/p>\n\n\n\n\n\n\n\n\n\n\n<h2>Publicaciones Cient\u00edficas<\/h2>\n\n\n\n\n\n<h6>Valorisation of <em>Rugulopteryx okamurae<\/em> as functional ingredient in aquafeeds: effects of a dietary pulse on muscle composition, gene expression, and intestinal microbiota in commercial-size Chelon labrosus<\/h6>\n<p>Daniel \u00c1lvarez-Torres, Sonia Ca\u00f1amero, Alba Galafat, Antonio Vizca\u00edno, Francisco Javier Alarc\u00f3n-L\u00f3pez, F\u00e9lix L. Figueroa, Roberto T. Abdala-D\u00edaz, Nathalie Korbee, Jorge Garc\u00eda-M\u00e1rquez &#038; Salvador Arijo.<\/p>\n<p><em>Journal of Applied Phycology, April 2026<\/em><\/p>\n<p><a href=\"https:\/\/doi.org\/10.1007\/s10811-026-03843-7\" target=\"_blank\">https:\/\/doi.org\/10.1007\/s10811-026-03843-7<\/a><span style=\"float: right; margin-right: 20px;\"><a href=\"https:\/\/lifebioencapsulation.com\/index.php\/proyectos\/proyectos_valinva-bream\/\">VALINVA-bream<\/a> proyect<\/span><\/p>\n\n\n\n\n\n<h6>Effects of feeding European seabass (<em>Dicentrarchus labrax<\/em>) juveniles with crude, hydrolysed and fermented biomass of the invasive macroalga <em>Rugulopteryx okamurae<\/em> (Ochrophyta)<\/h6>\n<p>A.J. Vizca\u00edno, M.I. S\u00e1ez, A. Galafat, R. Galindo-Melero, E. Perera, I. Casal-Porras, E. Zub\u00eda, J. Vega, F.L. Figueroa, T.F. Mart\u00ednez, J.A. Martos-Sitcha &amp; F.J. Alarc\u00f3n.<\/p>\n<p><em>Aquaculture Reports 34, february 2024<\/em><\/p>\n<p><a href=\"https:\/\/doi.org\/10.1016\/j.aqrep.2023.101877\" target=\"_blank\">https:\/\/doi.org\/10.1016\/j.aqrep.2023.101877<\/a><span style=\"float: right; margin-right: 20px;\"><a href=\"https:\/\/lifebioencapsulation.com\/index.php\/proyectos\/proyectos_valinva-bream\/\">VALINVA-bream<\/a> proyect<\/span><\/p>\n\n\n\n\n\n<h6>From invasion to fish fodder: Inclusion of the brown algae <em>Rugulopteryx okamurae<\/em> in aquafeeds for European sea bass <em>Dicentrarchus labrax<\/em> (L., 1758)<\/h6>\n<p>Filomena Fonseca, Juan Fuentes, Antonio Jes\u00fas Vizca\u00edno, Francisco Javier Alarc\u00f3n, Juan Miguel Mancera, Gonzalo Mart\u00ednez-Rodr\u00edguez &#038; Juan Antonio Martos-Sitcha.<\/p>\n<p><em>Aquaculture 568, abril 2023<\/em><\/p>\n<p><a href=\"https:\/\/doi.org\/10.1016\/j.aquaculture.2023.739318\" target=\"_blank\">https:\/\/doi.org\/10.1016\/j.aquaculture.2023.739318<\/a><span style=\"float: right; margin-right: 20px;\"><a href=\"https:\/\/lifebioencapsulation.com\/index.php\/proyectos\/proyectos_valinva-bream\/\">VALINVA-bream<\/a> proyect<\/span><\/p>\n\n\n\n\n\n\n\n\n\n\n\n\n\n\n\n\n\n\n\n\n\n\n","protected":false},"excerpt":{"rendered":"","protected":false},"author":1,"featured_media":0,"parent":430,"menu_order":5,"comment_status":"closed","ping_status":"closed","template":"","meta":{"_editorskit_title_hidden":false,"_editorskit_reading_time":0,"_editorskit_is_block_options_detached":false,"_editorskit_block_options_position":"{}","_crdt_document":"","pagelayer_contact_templates":[],"_pagelayer_content":"","inline_featured_image":false,"footnotes":""},"class_list":["post-1114","page","type-page","status-publish","hentry"],"blog_post_layout_featured_media_urls":{"thumbnail":"","full":""},"categories_names":null,"comments_number":"0","_links":{"self":[{"href":"https:\/\/lifebioencapsulation.com\/index.php\/wp-json\/wp\/v2\/pages\/1114","targetHints":{"allow":["GET"]}}],"collection":[{"href":"https:\/\/lifebioencapsulation.com\/index.php\/wp-json\/wp\/v2\/pages"}],"about":[{"href":"https:\/\/lifebioencapsulation.com\/index.php\/wp-json\/wp\/v2\/types\/page"}],"author":[{"embeddable":true,"href":"https:\/\/lifebioencapsulation.com\/index.php\/wp-json\/wp\/v2\/users\/1"}],"replies":[{"embeddable":true,"href":"https:\/\/lifebioencapsulation.com\/index.php\/wp-json\/wp\/v2\/comments?post=1114"}],"version-history":[{"count":15,"href":"https:\/\/lifebioencapsulation.com\/index.php\/wp-json\/wp\/v2\/pages\/1114\/revisions"}],"predecessor-version":[{"id":2084,"href":"https:\/\/lifebioencapsulation.com\/index.php\/wp-json\/wp\/v2\/pages\/1114\/revisions\/2084"}],"up":[{"embeddable":true,"href":"https:\/\/lifebioencapsulation.com\/index.php\/wp-json\/wp\/v2\/pages\/430"}],"wp:attachment":[{"href":"https:\/\/lifebioencapsulation.com\/index.php\/wp-json\/wp\/v2\/media?parent=1114"}],"curies":[{"name":"wp","href":"https:\/\/api.w.org\/{rel}","templated":true}]}}