{"id":285,"date":"2023-01-29T19:49:54","date_gmt":"2023-01-29T18:49:54","guid":{"rendered":"https:\/\/wordpress.reparacionesfranciscoruiz.com\/wp\/?page_id=285"},"modified":"2026-02-04T11:05:20","modified_gmt":"2026-02-04T10:05:20","slug":"servicios","status":"publish","type":"page","link":"https:\/\/lifebioencapsulation.com\/index.php\/servicios\/","title":{"rendered":"Servicios"},"content":{"rendered":"\n\n\n\n\n\n\n\n<h2><font style=\"vertical-align: inherit;\"><font style=\"vertical-align: inherit; color: #ffffff;\">Servicios<\/font><\/font><\/h2>\n\n<h5 style=\"text-align: center; color: #ffffff;\">Las necesidades de cada cliente son \u00fanicas<\/h5>\n<h5 style=\"text-align: center; color: #ffffff;\">Nuestros productos tambi\u00e9n lo son<\/h4>\n\n\n\n\n\n\n\n<p style=\"text-align: center;\">En LifeBioencapsulation buscamos un dise\u00f1o espec\u00edfico para cada producto en funci\u00f3n de las necesidades concretas de cada cliente.<\/p>\n<p style=\"text-align: center;\">La conformidad de cada desarrollo se eval\u00faa mediante las t\u00e9cnicas de an\u00e1lisis m\u00e1s adecuadas, garantizando as\u00ed un control de calidad exhaustivo.<\/p>\n<p style=\"text-align: center;\">Todo ello con el objetivo de ofrecer productos capaces de satisfacer sus expectativas.<\/p>\n<p style=\"text-align: center;\">Porque al final, su satisfacci\u00f3n es nuestro \u00e9xito.<\/p>\n\n<h6>Fundamentalmente, los servicios ofrecidos por LifeBioencapsulation son:<\/h6>\n\n\n\n\n\n<p><font style=\"vertical-align: inherit;\"><font style=\"vertical-align: inherit;\"><strong>Dise\u00f1o, optimizaci\u00f3n y caracterizaci\u00f3n de protocolos de encapsulaci\u00f3n espec\u00edficos a cada necesidad.<\/strong><\/font><\/font><\/p>\n<p><\/p><ul><li><font style=\"vertical-align: inherit;\"><font style=\"vertical-align: inherit;\">Encapsulaci\u00f3n de mol\u00e9culas funcionales y microorg<span style=\"line-height:2.5;\"><span style=\"\"><\/span><\/span>anismos con us<span style=\"line-height:3.0;\"><\/span>os en la industria alimentaria y agropecuaria.<\/font><\/font><\/li><li><font style=\"vertical-align: inherit;\"><font style=\"vertical-align: inherit;\">Protecci\u00f3n y posterior liberaci\u00f3n controlada.<\/font><\/font><\/li><\/ul><p><\/p>\n\n\n\n\n\n\n\n\n\n\n\n\n\n\n\n\n\n\n\n\n\n\n\n\n\n\n\n\n\n\n\n\n<p><font style=\"vertical-align: inherit;\"><font style=\"vertical-align: inherit;\"><strong>Dise\u00f1o y elaboraci\u00f3n de piensos experimentales para acuicultura y para animales de laboratorio.<\/strong><\/font><\/font><\/p>\n<p><ul><li><font style=\"vertical-align: inherit;\"><font style=\"vertical-align: inherit;\">Formulaci\u00f3n de alimentos, optimizaci\u00f3n y asesoramiento en estrategias de alimentaci\u00f3n animal mejorando la eficiencia en el uso del alimento y calidad del producto final.<\/font><\/font><\/li><\/ul><\/p>\n<p><ul><li><font style=\"vertical-align: inherit;\"><font style=\"vertical-align: inherit;\">Elaboraci\u00f3n de piensos que incluyen mol\u00e9culas bioactivas y probi\u00f3ticos encapsulados para su administraci\u00f3n en animales de producci\u00f3n o de experimentaci\u00f3n.<\/font><\/font><\/li><\/ul><\/p>\n<p><ul><li><font style=\"vertical-align: inherit;\"><font style=\"vertical-align: inherit;\">Evaluaci\u00f3n de la eficacia de ingredientes, alimentos y aditivos de uso en alimentaci\u00f3n acu\u00edcola.<\/font><\/font><\/li><\/ul><\/p>\n\n\n\n\n\n\n\n\n\n\n\n\n\n\n\n\n\n\n\n\n\n","protected":false},"excerpt":{"rendered":"","protected":false},"author":1,"featured_media":0,"parent":0,"menu_order":0,"comment_status":"closed","ping_status":"closed","template":"","meta":{"_editorskit_title_hidden":false,"_editorskit_reading_time":0,"_editorskit_is_block_options_detached":false,"_editorskit_block_options_position":"{}","_crdt_document":"","pagelayer_contact_templates":[],"_pagelayer_content":"","inline_featured_image":false,"footnotes":""},"class_list":["post-285","page","type-page","status-publish","hentry"],"blog_post_layout_featured_media_urls":{"thumbnail":"","full":""},"categories_names":null,"comments_number":"0","_links":{"self":[{"href":"https:\/\/lifebioencapsulation.com\/index.php\/wp-json\/wp\/v2\/pages\/285","targetHints":{"allow":["GET"]}}],"collection":[{"href":"https:\/\/lifebioencapsulation.com\/index.php\/wp-json\/wp\/v2\/pages"}],"about":[{"href":"https:\/\/lifebioencapsulation.com\/index.php\/wp-json\/wp\/v2\/types\/page"}],"author":[{"embeddable":true,"href":"https:\/\/lifebioencapsulation.com\/index.php\/wp-json\/wp\/v2\/users\/1"}],"replies":[{"embeddable":true,"href":"https:\/\/lifebioencapsulation.com\/index.php\/wp-json\/wp\/v2\/comments?post=285"}],"version-history":[{"count":17,"href":"https:\/\/lifebioencapsulation.com\/index.php\/wp-json\/wp\/v2\/pages\/285\/revisions"}],"predecessor-version":[{"id":1994,"href":"https:\/\/lifebioencapsulation.com\/index.php\/wp-json\/wp\/v2\/pages\/285\/revisions\/1994"}],"wp:attachment":[{"href":"https:\/\/lifebioencapsulation.com\/index.php\/wp-json\/wp\/v2\/media?parent=285"}],"curies":[{"name":"wp","href":"https:\/\/api.w.org\/{rel}","templated":true}]}}