{"id":68,"date":"2023-01-16T21:12:54","date_gmt":"2023-01-16T20:12:54","guid":{"rendered":"https:\/\/wordpress.reparacionesfranciscoruiz.com\/wp\/our-mission\/"},"modified":"2026-02-04T11:04:38","modified_gmt":"2026-02-04T10:04:38","slug":"equipo","status":"publish","type":"page","link":"https:\/\/lifebioencapsulation.com\/index.php\/equipo\/","title":{"rendered":"Equipo"},"content":{"rendered":"\n\n\n\n<h2><span style=\"vertical-align: inherit;\"><span style=\"vertical-align: inherit;\">Con\u00f3cenos<\/span><\/span><\/h2>\n\n\n\n\n<p style=\"text-align: center;\"><span style=\"color: #ffffff;\"><span style=\"vertical-align: inherit;\"><span style=\"vertical-align: inherit;\"><span style=\"vertical-align: inherit;\"><span style=\"vertical-align: inherit;\"><span style=\"font-size: large;\">LifeBioencapsulation SL est\u00e1 formado por un equipo humano multidisciplinar, altamente cualificado, capaz de combinar la capacidad t\u00e9cnica con experiencia demostrada en el campo de la investigaci\u00f3n.<\/span><\/span><\/span><\/span><\/span><\/span><\/p>\n\n\n<p style=\"text-align: center;\"><span style=\"color: #ffffff; font-size: large;\"><span style=\"vertical-align: inherit;\"><span style=\"vertical-align: inherit;\">El equipo posee una vasta experiencia en los campos de la fabricaci\u00f3n de pensamientos a escala experimental y en el desarrollo de estrategias para la administraci\u00f3n oral de mol\u00e9culas con actividad biol\u00f3gica y bacterias probi\u00f3ticas, basada principalmente en el conocimiento de la fisiolog\u00eda digestiva de diversas especies de peces de inter\u00e9s en la acuicultura, y en producci\u00f3n animal en general.<\/span><\/span><\/span><\/p>\n\n\n\n\n\n<h2><font style=\"vertical-align: inherit;\"><font style=\"vertical-align: inherit;\">Nuestro Equipo<\/font><\/font><\/h2>\n\n\n\n\n\n\n\n\n\n\n<h4>Francisco Javier Alarc\u00f3n Lop\u00e9z<\/h4>\n\n\n<p><span style=\"vertical-align: inherit;\"><span style=\"vertical-align: inherit;\">Doctor en Biolog\u00eda y Profesor Titular de la Universidad de Almer\u00eda, que viene desarrollando su actividad profesional en dicha universidad, tanto en el \u00e1mbito docente como investigador, desde hace dos d\u00e9cadas.<\/span><\/span><\/p>\n\n\n<p>Ha coordinado proyectos de investigaci\u00f3n sobre la utilizaci\u00f3n de las t\u00e9cnicas de encapsulaci\u00f3n para elaborar alimentos microencapsulados destinados a larvas de peces marinos, para la administraci\u00f3n de bacterias probi\u00f3ticas, y para la protecci\u00f3n de mol\u00e9culas con actividad biol\u00f3gica durante su tr\u00e1nsito por el sistema digestivo.<\/p>\n\n\n<p>Es autor de dos patentes sobre procedimientos de encapsulaci\u00f3n de bacterias probi\u00f3ticas para su administraci\u00f3n a peces de acuicultura.<\/p>\n\n\n<p>Junto con el Dr. Mart\u00ednez, dirige el Departamento de I+D de LifeBioencapsulati\u00f3n S.L., y participa principalmente en el desarrollo de los procesos de producci\u00f3n.<\/p>\n\n\n\n\n\n<h4>Tom\u00e1s Francisco Mart\u00ednez Moya<\/h4>\n\n<p><span style=\"vertical-align: inherit;\"><span style=\"vertical-align: inherit;\"><span style=\"vertical-align: inherit;\"><span style=\"vertical-align: inherit;\">Doctor en Veterinaria y Profesor Titular de la Universidad de Almer\u00eda, con m\u00e1s de 20 a\u00f1os de experiencia investigadora y docente en distintos \u00e1mbitos de la producci\u00f3n animal.<\/span><\/span><\/span><\/span><\/p>\n\n\n<p><span style=\"vertical-align: inherit;\"><span style=\"vertical-align: inherit;\">Es autor de una patente sobre encapsulaci\u00f3n de bacterias probi\u00f3ticas para peces.<\/span><\/span><\/p>\n\n\n<p><span style=\"vertical-align: inherit;\"><span style=\"vertical-align: inherit;\">Es acad\u00e9mico numerario de la Real Academia de Ciencias Veterinarias, responsable de sanidad animal de los animalarios de la UAL y presidente del Comit\u00e9 de Experimentaci\u00f3n Animal de la Comisi\u00f3n de Bio\u00e9tica de la UAL.<\/span><\/span><\/p>\n\n\n<p><span style=\"vertical-align: inherit;\"><span style=\"vertical-align: inherit;\">Dirige el departamento de I+D de la empresa, y se encarga del desarrollo de nuevas tecnolog\u00edas y l\u00edneas de investigaci\u00f3n, y su subsecuente aplicaci\u00f3n en diversos sectores agroalimentarios.<\/span><\/span><\/p>\n\n\n\n\n\n\n\n\n\n\n\n\n\n\n<h4><span style=\"vertical-align: inherit;\"><span style=\"vertical-align: inherit;\">Mar\u00eda Isabel S\u00e1ez Casado<\/span><\/span><\/h4>\n\n\n<p><span style=\"vertical-align: inherit;\"><span style=\"vertical-align: inherit;\"><span style=\"vertical-align: inherit;\"><span style=\"vertical-align: inherit;\">Ingeniera Agr\u00f3noma y Doctora por la Universidad de Almer\u00eda, con experiencia en investigaci\u00f3n y docencia desde 2007.<\/span><\/span><\/span><\/span><\/p>\n\n\n<p>Desde 2011 participa en el proyecto de investigaci\u00f3n del Plan Nacional \u00abEvaluaci\u00f3n de estrategias para la administraci\u00f3n oral de mol\u00e9culas bioactivas de inter\u00e9s en producci\u00f3n acu\u00edcola\u00bb.<\/p>\n\n\n<p><span style=\"vertical-align: inherit;\"><span style=\"vertical-align: inherit;\">Vinculada a las l\u00edneas de investigaci\u00f3n en biolog\u00eda molecular, fisiolog\u00eda, nutrici\u00f3n y calidad aplicados al \u00e1rea de acuicultura.<\/span><\/span><\/p>\n\n<p><span style=\"vertical-align: inherit;\"><span style=\"vertical-align: inherit;\"><span style=\"vertical-align: inherit;\"><span style=\"vertical-align: inherit;\"><font style=\"vertical-align: inherit;\"><font style=\"vertical-align: inherit;\">Actualmente es la investigadora responsable del Departamento de I+D y participa en el desarrollo cient\u00edfico y tecnol\u00f3gico de nuevos productos.<\/font><\/font><\/span><\/span><\/span><\/span><\/p>\n\n\n\n\n\n<h4><span style=\"vertical-align: inherit;\"><span style=\"vertical-align: inherit;\">Antonio Jes\u00fas Vizca\u00edno Torres<\/span><\/span><\/h4>\n\n\n<p><span style=\"vertical-align: inherit;\"><span style=\"vertical-align: inherit;\"><span style=\"vertical-align: inherit;\"><span style=\"vertical-align: inherit;\">Licenciado en Ciencia y Tecnolog\u00eda de los Alimentos por la Universidad de Granada, se encuentra realizando su Tesis Doctoral en el Departamento de Biolog\u00eda y Geolog\u00eda desde el a\u00f1o 2012.<\/span><\/span><\/span><\/span><\/p>\n\n\n<p>Cuenta con experiencia en investigaci\u00f3n desde 2012 vinculada a las l\u00edneas de investigaci\u00f3n de fisiolog\u00eda y nutrici\u00f3n en peces de acuicultura.<\/p>\n\n\n<p><span style=\"vertical-align: inherit;\"><span style=\"vertical-align: inherit;\">En LifeBioencapsulation S.L. gestiona las actividades de marketing, comunicaci\u00f3n, y la internacionalizaci\u00f3n de las l\u00edneas de I+D a trav\u00e9s de la constituci\u00f3n y promoci\u00f3n de consorcios tecnol\u00f3gicos para la ejecuci\u00f3n de proyectos.<\/span><\/span><\/p>\n\n\n\n\n\n\n\n\n\n\n\n\n\n\n<h4><span style=\"vertical-align: inherit;\"><span style=\"vertical-align: inherit;\"><span style=\"vertical-align: inherit;\"><span style=\"vertical-align: inherit;\">Germ\u00e1n L\u00f3pez G\u00e1lvez<\/span><\/span><\/span><\/span><\/h4>\n\n\n<p><span style=\"vertical-align: inherit;\"><span style=\"vertical-align: inherit;\"><span style=\"vertical-align: inherit;\"><span style=\"vertical-align: inherit;\"><span style=\"vertical-align: inherit;\"><span style=\"vertical-align: inherit;\">Estudiante de Ingenieria T\u00e9cnica Agr\u00edcola de la Universidad de Almer\u00eda.<\/span><\/span><\/span><\/span><\/span><\/span><\/p>\n\n\n<p>Actualmente realiza el Proyecto Fin de Carrera sobre nutrici\u00f3n de peces marinos en el Departamento de Biolog\u00eda y Geolog\u00eda.<\/p>\n\n\n<p><span style=\"vertical-align: inherit;\"><span style=\"vertical-align: inherit;\">Cuenta con experiencia en investigaci\u00f3n desde 2012, y participa en un contrato de investigaci\u00f3n de la Universidad de Almer\u00eda para la elaboraci\u00f3n de piensos experimentales destinados a la alimentaci\u00f3n de especies de acuicultura.<\/span><\/span><\/p>\n\n\n<p>Se encarga de la administraci\u00f3n de LifeBioencapsulation S.L., y colabora en industrializaci\u00f3n de los procesos de producci\u00f3n.<\/p>\n\n\n\n\n\n\n\n\n\n","protected":false},"excerpt":{"rendered":"","protected":false},"author":1,"featured_media":0,"parent":0,"menu_order":0,"comment_status":"closed","ping_status":"closed","template":"","meta":{"_editorskit_title_hidden":false,"_editorskit_reading_time":0,"_editorskit_is_block_options_detached":false,"_editorskit_block_options_position":"{}","_crdt_document":"","pagelayer_contact_templates":[],"_pagelayer_content":"","inline_featured_image":false,"footnotes":""},"class_list":["post-68","page","type-page","status-publish","hentry"],"blog_post_layout_featured_media_urls":{"thumbnail":"","full":""},"categories_names":null,"comments_number":"0","_links":{"self":[{"href":"https:\/\/lifebioencapsulation.com\/index.php\/wp-json\/wp\/v2\/pages\/68","targetHints":{"allow":["GET"]}}],"collection":[{"href":"https:\/\/lifebioencapsulation.com\/index.php\/wp-json\/wp\/v2\/pages"}],"about":[{"href":"https:\/\/lifebioencapsulation.com\/index.php\/wp-json\/wp\/v2\/types\/page"}],"author":[{"embeddable":true,"href":"https:\/\/lifebioencapsulation.com\/index.php\/wp-json\/wp\/v2\/users\/1"}],"replies":[{"embeddable":true,"href":"https:\/\/lifebioencapsulation.com\/index.php\/wp-json\/wp\/v2\/comments?post=68"}],"version-history":[{"count":25,"href":"https:\/\/lifebioencapsulation.com\/index.php\/wp-json\/wp\/v2\/pages\/68\/revisions"}],"predecessor-version":[{"id":1993,"href":"https:\/\/lifebioencapsulation.com\/index.php\/wp-json\/wp\/v2\/pages\/68\/revisions\/1993"}],"wp:attachment":[{"href":"https:\/\/lifebioencapsulation.com\/index.php\/wp-json\/wp\/v2\/media?parent=68"}],"curies":[{"name":"wp","href":"https:\/\/api.w.org\/{rel}","templated":true}]}}