{"id":70,"date":"2023-01-16T21:12:54","date_gmt":"2023-01-16T20:12:54","guid":{"rendered":"https:\/\/wordpress.reparacionesfranciscoruiz.com\/wp\/home\/"},"modified":"2026-02-04T11:03:51","modified_gmt":"2026-02-04T10:03:51","slug":"inicio","status":"publish","type":"page","link":"https:\/\/lifebioencapsulation.com\/","title":{"rendered":"Inicio"},"content":{"rendered":"\n\n\n{\u00abnews_widget_id\u00bb:\u00bb1887&#8243;}\n\n\n\n\n<p>Lorem Ipsum has been the industry&#8217;s standard dummy text ever since the 1500s.<\/p>\n\n\n<h2>Sobre Nosotros<\/h2>\n\n\n<p><span style=\"vertical-align: inherit;\">LifeBioencapsulation S.L. es una empresa que se dedica a la encapsulaci\u00f3n de mol\u00e9culas funcionales y microorganismos, as\u00ed como al desarrollo de nuevos productos y procesos para favorecer su utilizaci\u00f3n en la industria agroalimentaria. Su campo de innovaci\u00f3n principal es el desarrollo de estrategias de administraci\u00f3n oral de mol\u00e9culas bioactivas y microorganismos de inter\u00e9s en nutrici\u00f3n y sanidad animal. LifeBioencapsulation S.L. nace como una spin-off de la Universidad de Almer\u00eda, y ha sido reconocida como Empresa de Base Tecnol\u00f3gica (EBT-UAL) por dicha instituci\u00f3n.<\/span><\/p>\n\n\n<p>Nuestro objetivo es la aplicaci\u00f3n de t\u00e9cnicas de macro, micro y nanoencapsulaci\u00f3n para posibilitar la administraci\u00f3n oral de f\u00e1rmacos, qu\u00edmicos, mol\u00e9culas bioactivas y c\u00e9lulas, y as\u00ed incrementar la eficacia de estos productos. Estas estrategias permiten explorar nuevas v\u00edas para el uso y aplicaci\u00f3n de un amplio rango de productos de inter\u00e9s en la inductria agroalimentaria y veterinaria.<\/p>\n\n\n\n\n\n\n<h2><span style=\"vertical-align: inherit;\"><span style=\"vertical-align: inherit;\"><span style=\"vertical-align: inherit;\"><span style=\"vertical-align: inherit;\"><font style=\"vertical-align: inherit;\"><font style=\"vertical-align: inherit;\">La Empresa<\/font><\/font><\/span><\/span><\/span><\/span><\/h2>\n\n\n\n\n\n\n\n\n\n<p><span style=\"vertical-align: inherit;\"><span style=\"vertical-align: inherit;\"><span style=\"vertical-align: inherit;\"><span style=\"vertical-align: inherit;\">LifeBioencapsulation SL ofrece la capacidad de desarrollar nuevos productos a trav\u00e9s de la suplementaci\u00f3n con probi\u00f3ticos, prebi\u00f3ticos y nutrac\u00e9ticos mediante sistemas de encapsulaci\u00f3n adaptados espec\u00edficamente a cada necesidad. <\/span><span style=\"vertical-align: inherit;\">Estos desarrollos se pueden incorporar posteriormente como tales, o combinarse con otros formatos preexistentes aumentando as\u00ed su funcionalidad.<\/span><\/span><\/span><\/span><\/p>\n\n\n\n\n<p>Hola<\/p>\n\n\n\n\n\n\n<p><span style=\"vertical-align: inherit;\"><span style=\"vertical-align: inherit;\">Combinamos una extensa experiencia en nutrici\u00f3n y fisiologia digestiva con una amplia gama de herramientas metodol\u00f3gicas orientadas a la administraci\u00f3n oral de biomol\u00e9culas. Todo ello acompa\u00f1ado de una plataforma tecnol\u00f3gica a escala piloto para la fabricaci\u00f3n de piensos \u00aba la carta\u00bb mediante extrusi\u00f3n o granulaci\u00f3n, y en el caso de que est\u00e9n orientados a la acuicultura, la empresa ofrece tambi\u00e9n la posibilidad de probar los productos con los animales a los que se destinan.<\/span><\/span><\/p>\n\n\n\n\n<p>Hola<\/p>\n\n\n\n\n\n\n<p><span style=\"vertical-align: inherit;\"><span style=\"vertical-align: inherit;\">La encapsulaci\u00f3n consiste en la protecci\u00f3n de una serie de elementos, que pueden ir desde principios qu\u00edmicos sencillos hasta c\u00e9lulas completas, por medio de pol\u00edmeros adecuados capaces de constituir unas part\u00edculas de forma, tama\u00f1o y consistencia deseados, y que poseen la capacidad bien de persistir largo tiempo, de degradarse de manera controlada, o de permitir cierto grado de permeabilidad para la entrada y salida de los principios activos o del medio donde se utilizar\u00e1n<\/span><span style=\"vertical-align: inherit;\">. Mediante estos procesos ofrecemos un servicio exclusivo, competitivo, claro e innovador. La necesidad de cada cliente es \u00fanica y en consecuencia, nuestro servicio tambi\u00e9n lo es.<\/span><\/span><\/p>\n\n\n\n\n<p>Hola<\/p>\n\n\n\n\n\n\n\n\n<h2><span style=\"vertical-align: inherit;\"><span style=\"vertical-align: inherit;\">Con\u00f3cenos<\/span><\/span><\/h2>\n\n\n\n<p [object NamedNodeMap]><span style=\"color: #ffffff;\"><span style=\"vertical-align: inherit;\"><span style=\"vertical-align: inherit;\"><span style=\"vertical-align: inherit;\"><span style=\"vertical-align: inherit;\"><span style=\"font-size: large;\">LifeBioencapsulation SL est\u00e1 formado por un equipo humano multidisciplinar, altamente cualificado, capaz de combinar la capacidad t\u00e9cnica con experiencia demostrada en el campo de la investigaci\u00f3n.<\/span><\/span><\/span><\/span><\/span><\/span><\/p>\n\n\n<font style=\"vertical-align: inherit;\"><font style=\"vertical-align: inherit; color: rgb(255, 255, 255); font-size: large;\">El equipo posee una basta experiencia en los campos de la fabricaci\u00f3n de piensos a escala experimental y en el desarrollo de estrategias para la administraci\u00f3n oral de mol\u00e9culas con actividad biol\u00f3gica y bacterias probi\u00f3ticas, basada principalmente en el conocimineto de la fisiolog\u00eda digestiva de diversas especies de peces de inter\u00e9s en la acuicultura, y en producci\u00f3n animal en general.<\/font><\/font>\n\n\n\n\n\n\n\n\n\n\n<\/h6>\n<h2><span style=\"vertical-align: inherit;\"><span style=\"vertical-align: inherit;\">Servicios<\/span><\/span><\/h2>\n<h6>\n\n\n\n\n\n<span style=\"vertical-align: inherit; color: #fff;\"><font style=\"vertical-align: inherit;\"><font style=\"vertical-align: inherit;\"><\/font><\/font><\/span><span style=\"font-size:large;\"><span style=\"vertical-align: inherit; color: #fff;\"><font style=\"vertical-align: inherit;\"><font style=\"vertical-align: inherit;\">Las necesidades de cada cliente son \u00fanicas, y por lo tanto, nuestros productos tambi\u00e9n lo son.<\/font><\/font><\/span><br><font style=\"vertical-align: inherit; color: #ffffff;\"><font style=\"vertical-align: inherit;\"><font style=\"vertical-align: inherit;\">En LifeBioencapsulation buscamos un dise\u00f1o espec\u00edfico para cada producto en funci\u00f3n de las necesidades concretas de cada cliente.<\/font><\/font><\/font><br><font style=\"vertical-align: inherit; color: #ffffff;\"><font style=\"vertical-align: inherit;\"><font style=\"vertical-align: inherit;\">La conformidad de cada desarrollo se eval\u00faa mediante las t\u00e9cnicas de an\u00e1lisis m\u00e1s adecuadas, garantizando as\u00ed un control de calidad exhaustivo.<\/font><\/font><\/font><br><font style=\"vertical-align: inherit; color: #ffffff;\"><font style=\"vertical-align: inherit;\"><font style=\"vertical-align: inherit;\">Todo ello con el objetivo de ofrecer productos capaces de satisfacer sus expectativas.<\/font><\/font><\/font><br><font style=\"vertical-align: inherit; color: #ffffff;\"><font style=\"vertical-align: inherit;\"><font style=\"vertical-align: inherit;\">Porque al final, su satisfacci\u00f3n es nuestro \u00e9xito.<\/font><\/font><\/font><\/span><font style=\"vertical-align: inherit; color: #ffffff;\"><font style=\"vertical-align: inherit;\"><font style=\"vertical-align: inherit;\"><\/font><\/font><\/font><br>\n\n\n\n\n\n\n\n\n\n\n\n\n\n<h2><span style=\"vertical-align: inherit;\"><span style=\"vertical-align: inherit;\"><span style=\"vertical-align: inherit;\"><span style=\"vertical-align: inherit;\">Productos<\/span><\/span><\/span><\/span><\/h2>\n\n\n\n\n\n\n\n<p>LifeBioencapsulation est\u00e1 desarrollando una serie de productos, que actualmente se encuentran en fase de pre-comercializaci\u00f3n, destinados a estabilizar y mejorar el tracto gastrointestinal y mejorar tambi\u00e9n la tasa de crecimiento y la resistencia a infecciones.<\/p>\n\n\n\n\n\n\n\n\n\n\n\n\n\n\n\n\n\n\n\n","protected":false},"excerpt":{"rendered":"","protected":false},"author":1,"featured_media":0,"parent":0,"menu_order":0,"comment_status":"closed","ping_status":"closed","template":"","meta":{"_editorskit_title_hidden":true,"_editorskit_reading_time":0,"_editorskit_is_block_options_detached":false,"_editorskit_block_options_position":"{}","_crdt_document":"","pagelayer_contact_templates":[],"_pagelayer_content":"","inline_featured_image":false,"footnotes":""},"class_list":["post-70","page","type-page","status-publish","hentry"],"blog_post_layout_featured_media_urls":{"thumbnail":"","full":""},"categories_names":null,"comments_number":"0","_links":{"self":[{"href":"https:\/\/lifebioencapsulation.com\/index.php\/wp-json\/wp\/v2\/pages\/70","targetHints":{"allow":["GET"]}}],"collection":[{"href":"https:\/\/lifebioencapsulation.com\/index.php\/wp-json\/wp\/v2\/pages"}],"about":[{"href":"https:\/\/lifebioencapsulation.com\/index.php\/wp-json\/wp\/v2\/types\/page"}],"author":[{"embeddable":true,"href":"https:\/\/lifebioencapsulation.com\/index.php\/wp-json\/wp\/v2\/users\/1"}],"replies":[{"embeddable":true,"href":"https:\/\/lifebioencapsulation.com\/index.php\/wp-json\/wp\/v2\/comments?post=70"}],"version-history":[{"count":55,"href":"https:\/\/lifebioencapsulation.com\/index.php\/wp-json\/wp\/v2\/pages\/70\/revisions"}],"predecessor-version":[{"id":1992,"href":"https:\/\/lifebioencapsulation.com\/index.php\/wp-json\/wp\/v2\/pages\/70\/revisions\/1992"}],"wp:attachment":[{"href":"https:\/\/lifebioencapsulation.com\/index.php\/wp-json\/wp\/v2\/media?parent=70"}],"curies":[{"name":"wp","href":"https:\/\/api.w.org\/{rel}","templated":true}]}}