{"id":704,"date":"2023-03-01T22:41:13","date_gmt":"2023-03-01T21:41:13","guid":{"rendered":"https:\/\/lifebioencapsulation.com\/?page_id=704"},"modified":"2026-05-02T11:15:37","modified_gmt":"2026-05-02T10:15:37","slug":"productos","status":"publish","type":"page","link":"https:\/\/lifebioencapsulation.com\/index.php\/productos\/","title":{"rendered":"Productos"},"content":{"rendered":"\n\n\n<h2>Nuestros Productos<\/h2>\n\n\n\n\n\n\n<p>LifeBioencapsulation est\u00e1 desarrollando una serie de productos que actualmente se encuentran en fase de pre-comercializaci\u00f3n, destinados a estabilizar y mejorar el tracto gastrointestinal y mejorar tambi\u00e9n la tasa de crecimiento y la resistencia a infecciones.<\/p>\n\n\n\n\n\n\n<h4>LB-IMMUNOboost\u00ae<\/h4>\n\n\n\n\n\n<p>Producto concentrado con efecto multibi\u00f3tico compuesto por un hidrolizado y extracto de levadura.<\/p>\n<p>Producto rico en metabolitos derivados de los fermentos solubles de la levadura y una importante concentraci\u00f3n de mananoprote\u00ednas procedentes del hidrolizado de las paredes celulares. Tambi\u00e9n incluye microalgas ricas en prote\u00ednas, vitaminas B y E, minerales (manganeso, zinc, cobre, hierro, selenio,&#8230;) y \u03b2-carotenos (antioxidante) y \u00e1cidos grasos esenciales (\u00e1cido \u03b3-linoleico).<\/p>\n<p>La combinaci\u00f3n de estos aditivos en la proporci\u00f3n adecuada favorece un efecto sin\u00e9rgico maximizando el efecto beneficioso del producto:<\/p>\n\n\n<p><ul><li>Estabilizaci\u00f3n del tracto gastrointestinal y efecto prebi\u00f3tico.<\/li><li>Protecci\u00f3n contra el da\u00f1o celular y tisular causado por los radicales libres.<\/li><li>Mejora de los mecanismos de defensa celular y humoral.<\/li><li>Maduraci\u00f3n y fortalecimient0 del sistema inmunol\u00f3gico en edades tempranas.<\/li><li>Mayor resistencia a infecciones y condiciones estresantes.<\/li><li>Mejora del crecimiento e \u00edndice de conversi\u00f3n.<\/li><\/ul><\/p>\n\n\n\n\n\n\n\n\n\n\n\n\n\n\n\n\n\n\n\n\n\n\n<h4>LB-LIVERprotect\u00ae<\/h4>\n\n\n\n\n\n<p>Producto concentrado con efecto multibi\u00f3tico, rico en vitaminas y provitaminas promotores de la s\u00edntesis de fosfol\u00edpidos esenciales para mantenimiento de la estructura celular, y como importante agente lipotr\u00f3pico, que evita el desarrollo de h\u00edgado graso.<\/p>\n<p>El producto contiene microalgas ricas en prote\u00ednas, vitaminas B y E, minerales (manganeso, zinc, cobre, hierro, selenio,&#8230;) y \u03b2-carotenos (antioxidante) y \u00e1cidos grasos esenciales (\u00e1cido \u03b3-linoleico).<\/p>\n<p>La combinaci\u00f3n de estos aditivos en la proporci\u00f3n adecuada potencia un efecto sin\u00e9rgico que maximiza los efectos beneficiosos del producto:<\/p>\n\n\n<p><ul><li>Mejora del rendimiento hep\u00e1tico y renal.<\/li><li>Protecci\u00f3n contra el da\u00f1o celular y tisular causado por los radicales libres.<\/li><li>Mejora de la integridad intestinal.<\/li><li>Optimiza la respuesta y el control de los trastornos ocasionados por bacterias y par\u00e1sitos.<\/li><\/ul><\/p>\n\n\n\n\n\n\n\n\n\n\n\n\n\n\n\n\n\n\n\n\n\n\n<h4>LB-GUThealth\u00ae<\/h4>\n\n\n\n\n\n<p>Producto concentrado con efecto multibi\u00f3tico compuesto por nucle\u00f3tidos libres y precursores activos, sustancias lip\u00f3trofas, hidrolizado de levadura y microalgas ricas en prote\u00ednas, vitaminas B y E, minerales (manganeso, zinc, cobre, hierro, selenio,&#8230;) y \u00e1cidos grasos esenciales (\u00e1cido \u03b3-linoleico).<\/p>\n<p>La combinaci\u00f3n de estos aditivos en la proporci\u00f3n adecuada favorece un efecto sin\u00e9rgico, maximizando los efectos beneficiosos del producto:<\/p>\n<p><\/p><ul><li>Mejora del desarrollo del sistema inmunitario y digestivo.<\/li><li>Estabilizaci\u00f3n del tracto gastrointestinal y efecto prebi\u00f3tico..<\/li><li>Protecci\u00f3n contra el da\u00f1o celular y tisular causado por los radicales libres.<\/li><li>Mayor resistencia a infecciones y condiciones estresantes en edades tempranas.<\/li><li>Mejora de la respuesta vacunal.<\/li><li>Mejora del crecimiento e \u00edndice de conversi\u00f3n.<\/li><\/ul><p><\/p>\n\n\n\n\n\n\n\n\n\n\n\n\n\n\n\n\n\n\n\n\n\n\n\n\n<h4>LB-GREENboost\u00ae<\/h4>\n\n\n\n\n\n<p>Producto concentrado compuesto por microalgas ricas en prote\u00ednas, vitaminas B y E, minerales (manganeso, zinc, cobre, hierro, selenio,&#8230;), \u03b2-carotenos (antioxidante) y \u00e1cidos grasos esenciales (\u00e1cido \u03b3-linoleico), junto con un concentrado equilibrado de nucle\u00f3tidos libres.<\/p>\n<p>La combinaci\u00f3n de estos aditivos en la proporci\u00f3n adecuada favorece un efecto sin\u00e9rgico del producto maximizando sus efectos beneficiosos:<\/p>\n<p><ul><li>Estabilizaci\u00f3n del tracto gastrointestinal y efecto prebi\u00f3tico.<\/li><li>Protecci\u00f3n contra el da\u00f1o celular y tisular causado por los radicales libres.<\/li><li>Mejora de los mecanismos de defensa celular y humoral.<\/li><li>Maduraci\u00f3n y fortalecimiento del sistema inmunol\u00f3gico en edades tempranas.<\/li><li>Mayor resistencia a infecciones y condiciones estresantes.<\/li><li>Mejora del crecimiento e \u00edndice de conversi\u00f3n.<\/li><\/ul><\/p>\n\n\n\n\n\n\n\n\n\n\n\n\n\n\n\n\n\n\n\n\n","protected":false},"excerpt":{"rendered":"","protected":false},"author":1,"featured_media":0,"parent":0,"menu_order":0,"comment_status":"closed","ping_status":"closed","template":"","meta":{"_editorskit_title_hidden":false,"_editorskit_reading_time":0,"_editorskit_is_block_options_detached":false,"_editorskit_block_options_position":"{}","_crdt_document":"","pagelayer_contact_templates":[],"_pagelayer_content":"","inline_featured_image":false,"footnotes":""},"class_list":["post-704","page","type-page","status-publish","hentry"],"blog_post_layout_featured_media_urls":{"thumbnail":"","full":""},"categories_names":null,"comments_number":"0","_links":{"self":[{"href":"https:\/\/lifebioencapsulation.com\/index.php\/wp-json\/wp\/v2\/pages\/704","targetHints":{"allow":["GET"]}}],"collection":[{"href":"https:\/\/lifebioencapsulation.com\/index.php\/wp-json\/wp\/v2\/pages"}],"about":[{"href":"https:\/\/lifebioencapsulation.com\/index.php\/wp-json\/wp\/v2\/types\/page"}],"author":[{"embeddable":true,"href":"https:\/\/lifebioencapsulation.com\/index.php\/wp-json\/wp\/v2\/users\/1"}],"replies":[{"embeddable":true,"href":"https:\/\/lifebioencapsulation.com\/index.php\/wp-json\/wp\/v2\/comments?post=704"}],"version-history":[{"count":55,"href":"https:\/\/lifebioencapsulation.com\/index.php\/wp-json\/wp\/v2\/pages\/704\/revisions"}],"predecessor-version":[{"id":2122,"href":"https:\/\/lifebioencapsulation.com\/index.php\/wp-json\/wp\/v2\/pages\/704\/revisions\/2122"}],"wp:attachment":[{"href":"https:\/\/lifebioencapsulation.com\/index.php\/wp-json\/wp\/v2\/media?parent=704"}],"curies":[{"name":"wp","href":"https:\/\/api.w.org\/{rel}","templated":true}]}}