{"id":924,"date":"2023-03-16T20:59:53","date_gmt":"2023-03-16T19:59:53","guid":{"rendered":"https:\/\/lifebioencapsulation.com\/?page_id=924"},"modified":"2026-02-04T20:16:52","modified_gmt":"2026-02-04T19:16:52","slug":"proyectos_suplalgae","status":"publish","type":"page","link":"https:\/\/lifebioencapsulation.com\/index.php\/proyectos\/proyectos_suplalgae\/","title":{"rendered":"suplalgae"},"content":{"rendered":"\n\n\n\n\n<h2>Proyectos I+D+i<\/h2>\n\n\n\n\n\n\n\n\n\n\n<p><strong>Desarrollo de alimentos funcionales para una acuicultura sostenible mediante su suplementaci\u00f3n con nuevos productos procedentes de las microalgas (SUPLALGAE).<\/strong><\/p>\n<p style=\"font-size: small;\">CONVOCATORIA DE AYUDAS A PROYECTOS DE I+D+I EN EL MARCO DEL PROGRAMA OPERATIVO FEDER ANDALUC\u00cdA 2014-2020. CONVOCATORIA 2018.<\/p>\n<p><strong>Participantes:<\/strong> LifeBioencapsulation S.L., Universidad de Almer\u00eda -UAL-(<a href=\"https:\/\/www.ual.es\/investigacion\/investiga\/grupos\/area\/grupo\/RNM\/RNM346\" style=\"color:#28772cff\">grupo PAIDI RNM-346<\/a>) y Universidad de C\u00e1diz -UCA-(<a href=\"https:\/\/rnm216.uca.es\/\" style=\"color:#28772cff\">grupo RNM-216<\/a>).<\/p>\n<p><strong>Investigador principal:<\/strong>&nbsp;Juan Antonio Martos Sitcha (Universidad de C\u00e1diz).<\/p>\n\n\n\n\n\n\n\n\n\n\n<h2>Resumen<\/h2>\n\n\n\n\n\n\n\n\n\n<p>El r\u00e1pido e importante crecimiento que el sector acu\u00edcola ha experimentado durante los \u00faltimos a\u00f1os ha generado una gran demanda de alimento para sustentar esta actividad, y con ello la necesidad de una producci\u00f3n de ingredientes de alta calidad tanto de origen terrestre como marino para su inclusi\u00f3n en los piensos elaborados. <\/p>\n<p><span style=\"line-height:2.0;\"><\/span>Este crecimiento generalizado ha propiciado que el sector Europeo dirija sus esfuerzos en la producci\u00f3n de una acuicultura sostenible realizando diferentes medidas para alcanzar este objetivo. <\/p>\n<p><span style=\"line-height:2.0;\"><\/span>Por este motivo, uno de los mayores retos viene dado por la disponibilidad, sostenibilidad y los costes de alimentos convencionales producidos mayormente a partir de materias primas procedentes de la pesca extractiva para la fabricaci\u00f3n de harinas y aceites de pescado que suplan los nutrientes esenciales y la energ\u00eda digerible necesaria.<\/p>\n\n\n<p>Lorem Ipsum has been the industry&#8217;s standard dummy text ever since the 1500s.<\/p>\n\n\n<p><span style=\"line-height:2.0;\"><\/span>Para ello, en los \u00faltimos a\u00f1os se ha puesto un esfuerzo extra en la investigaci\u00f3n de materias primas alternativas, muchas de ellas basadas en prote\u00ednas y aceites vegetales, pero que satisfagan los requerimientos nutricionales dada su carencia en diferentes micronutrientes esenciales, certifiquen la seguridad alimentaria y minimicen el impacto ambiental. <\/p>\n<p><span style=\"line-height:2.0;\"><\/span>Aun as\u00ed, este hecho a\u00fan contempla grandes lagunas, dado que la sustituci\u00f3n de materias primas de origen marino por otras mezclas de origen vegetal ha sido posible en algunas especies, pero la inconsistencia sobre el impacto directo en muchos de los resultados sobre la respuesta metab\u00f3lica y el crecimiento de los animales dificulta su establecimiento, y es donde recae la necesidad de una mayor investigaci\u00f3n al respecto.<\/p>\n<p><span style=\"line-height:2.0;\"><\/span>Con todas estas premisas, el presente Proyecto de Investigaci\u00f3n pretende evaluar la potencial aplicaci\u00f3n de diversos productos naturales y funcionales procedentes de las microalgas (LB-IMMUNOboost, y LB-LIVERprotect) desarrollados por la empresa Lifebioencapsulation, y que estar\u00eda orientado en conocer los efectos fisiol\u00f3gicos beneficiosos en relaci\u00f3n al crecimiento, la capacidad metab\u00f3lica y el estado de bienestar de los animales cultivados, y su posterior desarrollo para la transferencia del conocimiento al sector acu\u00edcola espa\u00f1ol y europeo. <\/p>\n<p><span style=\"line-height:2.0;\"><\/span>Con este fin, se proponen una serie de experimentos en los que se evaluar\u00e1n las posibles mejoras en ejemplares de dorada (Sparus aurata) mantenidos durante un periodo de alimentaci\u00f3n no inferior a los 3 meses, comparando el crecimiento, el estado metab\u00f3lico y de estr\u00e9s, y la salud intestinal de ejemplares alimentados con:<\/p>\n<p><\/p><ul><li><span style=\"line-height:2.0;\"><\/span>Una dieta control basada en harina y aceite de pescado (FM\/FO, D1) pr\u00f3xima a las que existen actualmente en el mercado<\/li><li>Una dieta extrema con un alto porcentaje de sustituci\u00f3n de FM\/FO por prote\u00edna y aceites de origen vegetal (PP\/VO, D2)<\/li><li>iii)\tla suplementaci\u00f3n de esta dieta extrema (D2) con dos dosis diferentes de cada uno de los compuestos objeto de estudio (D3<sub>IMMUNOboost5<\/sub> y D4<sub>IMMUNOboost10<\/sub>; D5<sub>LIVERprotect5<\/sub> y D6<sub>LIVERprotect10<\/sub>).<\/li><\/ul><p><\/p>\n\n\n\n\n\n\n\n\n\n\n\n\n\n\n\n\n\n\n\n\n\n\n<h2>Enlaces relacionados<\/h2>\n\n\n\n\n\n\n\n<p style=\"text-align: center;\"><a href=\"https:\/\/www.mispeces.com\/noticias\/Expertos-expondran-nuevas-evidencias-sobre-el-papel-de-las-microalgas-como-aditivo-en-piensos-acuicolas\/#.ZBN4UXbMLRZ\">Publicaci\u00f3n en la revista misPeces &#8211; 19\/10\/202<\/a>2<\/p>\n<p style=\"text-align: center;\"><a href=\"https:\/\/www.mispeces.com\/noticias\/Investigadores-buscaran-nuevos-ingredientes-nutraceuticos-de-microalgas-para-incorporar-al-pienso-de-acuicultura\/#.ZBN4CXbMLRZ\">Publicaci\u00f3n en la revista misPeces &#8211; 08\/06\/2020<\/a><\/p>\n\n\n\n\n<p style=\"text-align: center;\"><a href=\"http:\/\/www.ipacuicultura.com\/noticias\/eventos\/82264\/el_proyecto_suplalgae_celebra_el_28_de_octubre_en_cadiz_una_jornada_de_difusion_de_resultados_.html\">Publicaci\u00f3n en la revista ipac.acuicultura &#8211; 18\/10\/202<\/a>2<\/p>\n<p style=\"text-align: center;\"><a href=\"http:\/\/www.ipacuicultura.com\/noticias\/en_portada\/75937\/comienza_el_proyecto_suplalgae_enfocado_en_el_uso_de_compuestos_nutraceuticos_naturales_en_piensos_para_acuicultura.html\">Publicaci\u00f3n en la revista ipac.acuicultura &#8211; 05\/06\/2020<\/a><\/p>\n\n\n\n\n\n\n\n\n\n\n\n\n\n\n\n\n\n\n\n\n\n","protected":false},"excerpt":{"rendered":"","protected":false},"author":1,"featured_media":0,"parent":430,"menu_order":3,"comment_status":"closed","ping_status":"closed","template":"","meta":{"_editorskit_title_hidden":false,"_editorskit_reading_time":0,"_editorskit_is_block_options_detached":false,"_editorskit_block_options_position":"{}","_crdt_document":"","pagelayer_contact_templates":[],"_pagelayer_content":"","inline_featured_image":false,"footnotes":""},"class_list":["post-924","page","type-page","status-publish","hentry"],"blog_post_layout_featured_media_urls":{"thumbnail":"","full":""},"categories_names":null,"comments_number":"0","_links":{"self":[{"href":"https:\/\/lifebioencapsulation.com\/index.php\/wp-json\/wp\/v2\/pages\/924","targetHints":{"allow":["GET"]}}],"collection":[{"href":"https:\/\/lifebioencapsulation.com\/index.php\/wp-json\/wp\/v2\/pages"}],"about":[{"href":"https:\/\/lifebioencapsulation.com\/index.php\/wp-json\/wp\/v2\/types\/page"}],"author":[{"embeddable":true,"href":"https:\/\/lifebioencapsulation.com\/index.php\/wp-json\/wp\/v2\/users\/1"}],"replies":[{"embeddable":true,"href":"https:\/\/lifebioencapsulation.com\/index.php\/wp-json\/wp\/v2\/comments?post=924"}],"version-history":[{"count":35,"href":"https:\/\/lifebioencapsulation.com\/index.php\/wp-json\/wp\/v2\/pages\/924\/revisions"}],"predecessor-version":[{"id":2020,"href":"https:\/\/lifebioencapsulation.com\/index.php\/wp-json\/wp\/v2\/pages\/924\/revisions\/2020"}],"up":[{"embeddable":true,"href":"https:\/\/lifebioencapsulation.com\/index.php\/wp-json\/wp\/v2\/pages\/430"}],"wp:attachment":[{"href":"https:\/\/lifebioencapsulation.com\/index.php\/wp-json\/wp\/v2\/media?parent=924"}],"curies":[{"name":"wp","href":"https:\/\/api.w.org\/{rel}","templated":true}]}}